{"id":8303,"date":"2024-02-22T14:50:19","date_gmt":"2024-02-22T13:50:19","guid":{"rendered":"https:\/\/www.les-bois.fr\/?post_type=product&#038;p=8303"},"modified":"2025-10-28T10:21:21","modified_gmt":"2025-10-28T09:21:21","slug":"le-regard","status":"publish","type":"product","link":"https:\/\/www.les-bois.fr\/fr\/produit\/le-regard\/","title":{"rendered":"LE REGARD &#8211; soin prodige contour des yeux"},"content":{"rendered":"<section class=\"wpb-content-wrapper\"><p>[vc_row full_width=&#8221;stretch_row_content_no_spaces&#8221; parallax=&#8221;content-moving&#8221; parallax_image=&#8221;2877&#8243;][vc_column][\/vc_column][\/vc_row]<\/p>\n<\/section>","protected":false},"excerpt":{"rendered":"<p>Ce s\u00e9rum prodigieux pour le contour des yeux lutte contre les cernes, les poches et les signes de l&#8217;\u00e2ge tout en renfor\u00e7ant l&#8217;hydratation et la fermet\u00e9.<\/p>\n","protected":false},"author":2,"featured_media":8165,"comment_status":"open","ping_status":"closed","template":"","meta":{"inline_featured_image":false},"product_cat":[31,15],"product_tag":[97],"class_list":["post-8303","product","type-product","status-publish","has-post-thumbnail","hentry","product_cat-serums","product_cat-uncategorized","product_tag-toasty","layout-style-1","col-md-4 col-sm-4 col-xs-6","product-has-gallery","product-style-default"],"acf":[],"yoast_head":"<!-- This site is optimized with the Yoast SEO plugin v19.13 - https:\/\/yoast.com\/wordpress\/plugins\/seo\/ -->\n<title>LE REGARD - S\u00e9rum naturel pour le contour des yeux - Les Bois<\/title>\n<meta name=\"description\" content=\"D\u00e9couvrez notre soin total contour des yeux, contre les cernes, les poches et les signes de l&#039;\u00e2ge, pour hommes et femmes - z\u00e9ro d\u00e9chet et local\" \/>\n<meta name=\"robots\" content=\"index, follow, max-snippet:-1, max-image-preview:large, max-video-preview:-1\" \/>\n<link rel=\"canonical\" href=\"https:\/\/www.les-bois.fr\/fr\/produit\/le-regard\/\" \/>\n<meta property=\"og:locale\" content=\"fr_FR\" \/>\n<meta property=\"og:type\" content=\"article\" \/>\n<meta property=\"og:title\" content=\"LE REGARD - S\u00e9rum naturel pour le contour des yeux - Les Bois\" \/>\n<meta property=\"og:description\" content=\"D\u00e9couvrez notre soin total contour des yeux, contre les cernes, les poches et les signes de l&#039;\u00e2ge, pour hommes et femmes - z\u00e9ro d\u00e9chet et local\" \/>\n<meta property=\"og:url\" content=\"https:\/\/www.les-bois.fr\/fr\/produit\/le-regard\/\" \/>\n<meta property=\"og:site_name\" content=\"Les bois\" \/>\n<meta property=\"article:modified_time\" content=\"2025-10-28T09:21:21+00:00\" \/>\n<meta property=\"og:image\" content=\"https:\/\/www.les-bois.fr\/wp-content\/uploads\/2024\/02\/Le-Regard.png\" \/>\n\t<meta property=\"og:image:width\" content=\"949\" \/>\n\t<meta property=\"og:image:height\" content=\"2088\" \/>\n\t<meta property=\"og:image:type\" content=\"image\/png\" \/>\n<meta name=\"twitter:card\" content=\"summary_large_image\" \/>\n<meta name=\"twitter:label1\" content=\"Dur\u00e9e de lecture estim\u00e9e\" \/>\n\t<meta name=\"twitter:data1\" content=\"1 minute\" \/>\n<script type=\"application\/ld+json\" class=\"yoast-schema-graph\">{\"@context\":\"https:\/\/schema.org\",\"@graph\":[{\"@type\":\"WebPage\",\"@id\":\"https:\/\/www.les-bois.fr\/fr\/produit\/le-regard\/\",\"url\":\"https:\/\/www.les-bois.fr\/fr\/produit\/le-regard\/\",\"name\":\"LE REGARD - S\u00e9rum naturel pour le contour des yeux - Les Bois\",\"isPartOf\":{\"@id\":\"https:\/\/www.les-bois.fr\/#website\"},\"datePublished\":\"2024-02-22T13:50:19+00:00\",\"dateModified\":\"2025-10-28T09:21:21+00:00\",\"description\":\"D\u00e9couvrez notre soin total contour des yeux, contre les cernes, les poches et les signes de l'\u00e2ge, pour hommes et femmes - z\u00e9ro d\u00e9chet et local\",\"breadcrumb\":{\"@id\":\"https:\/\/www.les-bois.fr\/fr\/produit\/le-regard\/#breadcrumb\"},\"inLanguage\":\"fr-FR\",\"potentialAction\":[{\"@type\":\"ReadAction\",\"target\":[\"https:\/\/www.les-bois.fr\/fr\/produit\/le-regard\/\"]}]},{\"@type\":\"BreadcrumbList\",\"@id\":\"https:\/\/www.les-bois.fr\/fr\/produit\/le-regard\/#breadcrumb\",\"itemListElement\":[{\"@type\":\"ListItem\",\"position\":1,\"name\":\"Home\",\"item\":\"https:\/\/www.les-bois.fr\/fr\/\"},{\"@type\":\"ListItem\",\"position\":2,\"name\":\"Boutique\",\"item\":\"https:\/\/www.les-bois.fr\/fr\/boutique-2\/\"},{\"@type\":\"ListItem\",\"position\":3,\"name\":\"LE REGARD &#8211; soin prodige contour des yeux\"}]},{\"@type\":\"WebSite\",\"@id\":\"https:\/\/www.les-bois.fr\/#website\",\"url\":\"https:\/\/www.les-bois.fr\/\",\"name\":\"Les bois\",\"description\":\"Conscious skincare \/ From trees to humankind\",\"potentialAction\":[{\"@type\":\"SearchAction\",\"target\":{\"@type\":\"EntryPoint\",\"urlTemplate\":\"https:\/\/www.les-bois.fr\/?s={search_term_string}\"},\"query-input\":\"required name=search_term_string\"}],\"inLanguage\":\"fr-FR\"}]}<\/script>\n<!-- \/ Yoast SEO plugin. -->","yoast_head_json":{"title":"LE REGARD - S\u00e9rum naturel pour le contour des yeux - Les Bois","description":"D\u00e9couvrez notre soin total contour des yeux, contre les cernes, les poches et les signes de l'\u00e2ge, pour hommes et femmes - z\u00e9ro d\u00e9chet et local","robots":{"index":"index","follow":"follow","max-snippet":"max-snippet:-1","max-image-preview":"max-image-preview:large","max-video-preview":"max-video-preview:-1"},"canonical":"https:\/\/www.les-bois.fr\/fr\/produit\/le-regard\/","og_locale":"fr_FR","og_type":"article","og_title":"LE REGARD - S\u00e9rum naturel pour le contour des yeux - Les Bois","og_description":"D\u00e9couvrez notre soin total contour des yeux, contre les cernes, les poches et les signes de l'\u00e2ge, pour hommes et femmes - z\u00e9ro d\u00e9chet et local","og_url":"https:\/\/www.les-bois.fr\/fr\/produit\/le-regard\/","og_site_name":"Les bois","article_modified_time":"2025-10-28T09:21:21+00:00","og_image":[{"width":949,"height":2088,"url":"https:\/\/www.les-bois.fr\/wp-content\/uploads\/2024\/02\/Le-Regard.png","type":"image\/png"}],"twitter_card":"summary_large_image","twitter_misc":{"Dur\u00e9e de lecture estim\u00e9e":"1 minute"},"schema":{"@context":"https:\/\/schema.org","@graph":[{"@type":"WebPage","@id":"https:\/\/www.les-bois.fr\/fr\/produit\/le-regard\/","url":"https:\/\/www.les-bois.fr\/fr\/produit\/le-regard\/","name":"LE REGARD - S\u00e9rum naturel pour le contour des yeux - Les Bois","isPartOf":{"@id":"https:\/\/www.les-bois.fr\/#website"},"datePublished":"2024-02-22T13:50:19+00:00","dateModified":"2025-10-28T09:21:21+00:00","description":"D\u00e9couvrez notre soin total contour des yeux, contre les cernes, les poches et les signes de l'\u00e2ge, pour hommes et femmes - z\u00e9ro d\u00e9chet et local","breadcrumb":{"@id":"https:\/\/www.les-bois.fr\/fr\/produit\/le-regard\/#breadcrumb"},"inLanguage":"fr-FR","potentialAction":[{"@type":"ReadAction","target":["https:\/\/www.les-bois.fr\/fr\/produit\/le-regard\/"]}]},{"@type":"BreadcrumbList","@id":"https:\/\/www.les-bois.fr\/fr\/produit\/le-regard\/#breadcrumb","itemListElement":[{"@type":"ListItem","position":1,"name":"Home","item":"https:\/\/www.les-bois.fr\/fr\/"},{"@type":"ListItem","position":2,"name":"Boutique","item":"https:\/\/www.les-bois.fr\/fr\/boutique-2\/"},{"@type":"ListItem","position":3,"name":"LE REGARD &#8211; soin prodige contour des yeux"}]},{"@type":"WebSite","@id":"https:\/\/www.les-bois.fr\/#website","url":"https:\/\/www.les-bois.fr\/","name":"Les bois","description":"Conscious skincare \/ From trees to humankind","potentialAction":[{"@type":"SearchAction","target":{"@type":"EntryPoint","urlTemplate":"https:\/\/www.les-bois.fr\/?s={search_term_string}"},"query-input":"required name=search_term_string"}],"inLanguage":"fr-FR"}]}},"_links":{"self":[{"href":"https:\/\/www.les-bois.fr\/fr\/wp-json\/wp\/v2\/product\/8303","targetHints":{"allow":["GET"]}}],"collection":[{"href":"https:\/\/www.les-bois.fr\/fr\/wp-json\/wp\/v2\/product"}],"about":[{"href":"https:\/\/www.les-bois.fr\/fr\/wp-json\/wp\/v2\/types\/product"}],"author":[{"embeddable":true,"href":"https:\/\/www.les-bois.fr\/fr\/wp-json\/wp\/v2\/users\/2"}],"replies":[{"embeddable":true,"href":"https:\/\/www.les-bois.fr\/fr\/wp-json\/wp\/v2\/comments?post=8303"}],"wp:featuredmedia":[{"embeddable":true,"href":"https:\/\/www.les-bois.fr\/fr\/wp-json\/wp\/v2\/media\/8165"}],"wp:attachment":[{"href":"https:\/\/www.les-bois.fr\/fr\/wp-json\/wp\/v2\/media?parent=8303"}],"wp:term":[{"taxonomy":"product_cat","embeddable":true,"href":"https:\/\/www.les-bois.fr\/fr\/wp-json\/wp\/v2\/product_cat?post=8303"},{"taxonomy":"product_tag","embeddable":true,"href":"https:\/\/www.les-bois.fr\/fr\/wp-json\/wp\/v2\/product_tag?post=8303"}],"curies":[{"name":"wp","href":"https:\/\/api.w.org\/{rel}","templated":true}]}}