{"id":3760,"date":"2022-03-07T12:10:36","date_gmt":"2022-03-07T11:10:36","guid":{"rendered":"https:\/\/www.les-bois.fr\/?post_type=product&#038;p=3760"},"modified":"2025-10-28T10:22:46","modified_gmt":"2025-10-28T09:22:46","slug":"les-cheveux","status":"publish","type":"product","link":"https:\/\/www.les-bois.fr\/fr\/produit\/les-cheveux\/","title":{"rendered":"LES CHEVEUX &#8211; shampoing solide"},"content":{"rendered":"<section class=\"wpb-content-wrapper\"><p>[vc_row full_width=&#8221;stretch_row_content_no_spaces&#8221; parallax=&#8221;content-moving&#8221; parallax_image=&#8221;2877&#8243;][vc_column][\/vc_column][\/vc_row]<\/p>\n<\/section>","protected":false},"excerpt":{"rendered":"<p>Shampoing solide renforcant pour tout type de cheveux et stimulant la pousse.<\/p>\n","protected":false},"author":2,"featured_media":6910,"comment_status":"open","ping_status":"closed","template":"","meta":{"inline_featured_image":false},"product_cat":[33,15],"product_tag":[97],"class_list":["post-3760","product","type-product","status-publish","has-post-thumbnail","hentry","product_cat-hygiene","product_cat-uncategorized","product_tag-toasty","layout-style-1","col-md-4 col-sm-4 col-xs-6","product-has-gallery","product-style-default"],"acf":[],"yoast_head":"<!-- This site is optimized with the Yoast SEO plugin v19.13 - https:\/\/yoast.com\/wordpress\/plugins\/seo\/ -->\n<title>LES CHEVEUX \u2013 Shampoing Solide Naturel Fortifiant \u2013 Les Bois<\/title>\n<meta name=\"description\" content=\"D\u00e9couvrez notre Shampoing solide redensifiant \u00e0 la Spiruline et au Bouleau pour hommes &amp; femmes - Parfum signature cr\u00e9\u00e9 \u00e0 Grasse - Z\u00e9ro d\u00e9chet, local &amp; fabriqu\u00e9 en France - Livraison rapide\" \/>\n<meta name=\"robots\" content=\"index, follow, max-snippet:-1, max-image-preview:large, max-video-preview:-1\" \/>\n<link rel=\"canonical\" href=\"https:\/\/www.les-bois.fr\/fr\/produit\/les-cheveux\/\" \/>\n<meta property=\"og:locale\" content=\"fr_FR\" \/>\n<meta property=\"og:type\" content=\"article\" \/>\n<meta property=\"og:title\" content=\"LES CHEVEUX \u2013 Shampoing Solide Naturel Fortifiant \u2013 Les Bois\" \/>\n<meta property=\"og:description\" content=\"D\u00e9couvrez notre Shampoing solide redensifiant \u00e0 la Spiruline et au Bouleau pour hommes &amp; femmes - Parfum signature cr\u00e9\u00e9 \u00e0 Grasse - Z\u00e9ro d\u00e9chet, local &amp; fabriqu\u00e9 en France - Livraison rapide\" \/>\n<meta property=\"og:url\" content=\"https:\/\/www.les-bois.fr\/fr\/produit\/les-cheveux\/\" \/>\n<meta property=\"og:site_name\" content=\"Les bois\" \/>\n<meta property=\"article:modified_time\" content=\"2025-10-28T09:22:46+00:00\" \/>\n<meta property=\"og:image\" content=\"https:\/\/www.les-bois.fr\/wp-content\/uploads\/2022\/03\/2201-Les-Bois-02-Duo-0069-1-1012x1024.png\" \/>\n\t<meta property=\"og:image:width\" content=\"1012\" \/>\n\t<meta property=\"og:image:height\" content=\"1024\" \/>\n\t<meta property=\"og:image:type\" content=\"image\/png\" \/>\n<meta name=\"twitter:card\" content=\"summary_large_image\" \/>\n<meta name=\"twitter:label1\" content=\"Dur\u00e9e de lecture estim\u00e9e\" \/>\n\t<meta name=\"twitter:data1\" content=\"1 minute\" \/>\n<script type=\"application\/ld+json\" class=\"yoast-schema-graph\">{\"@context\":\"https:\/\/schema.org\",\"@graph\":[{\"@type\":\"WebPage\",\"@id\":\"https:\/\/www.les-bois.fr\/fr\/produit\/les-cheveux\/\",\"url\":\"https:\/\/www.les-bois.fr\/fr\/produit\/les-cheveux\/\",\"name\":\"LES CHEVEUX \u2013 Shampoing Solide Naturel Fortifiant \u2013 Les Bois\",\"isPartOf\":{\"@id\":\"https:\/\/www.les-bois.fr\/#website\"},\"datePublished\":\"2022-03-07T11:10:36+00:00\",\"dateModified\":\"2025-10-28T09:22:46+00:00\",\"description\":\"D\u00e9couvrez notre Shampoing solide redensifiant \u00e0 la Spiruline et au Bouleau pour hommes & femmes - Parfum signature cr\u00e9\u00e9 \u00e0 Grasse - Z\u00e9ro d\u00e9chet, local & fabriqu\u00e9 en France - Livraison rapide\",\"breadcrumb\":{\"@id\":\"https:\/\/www.les-bois.fr\/fr\/produit\/les-cheveux\/#breadcrumb\"},\"inLanguage\":\"fr-FR\",\"potentialAction\":[{\"@type\":\"ReadAction\",\"target\":[\"https:\/\/www.les-bois.fr\/fr\/produit\/les-cheveux\/\"]}]},{\"@type\":\"BreadcrumbList\",\"@id\":\"https:\/\/www.les-bois.fr\/fr\/produit\/les-cheveux\/#breadcrumb\",\"itemListElement\":[{\"@type\":\"ListItem\",\"position\":1,\"name\":\"Home\",\"item\":\"https:\/\/www.les-bois.fr\/fr\/\"},{\"@type\":\"ListItem\",\"position\":2,\"name\":\"Boutique\",\"item\":\"https:\/\/www.les-bois.fr\/fr\/boutique-2\/\"},{\"@type\":\"ListItem\",\"position\":3,\"name\":\"LES CHEVEUX &#8211; shampoing solide\"}]},{\"@type\":\"WebSite\",\"@id\":\"https:\/\/www.les-bois.fr\/#website\",\"url\":\"https:\/\/www.les-bois.fr\/\",\"name\":\"Les bois\",\"description\":\"Conscious skincare \/ From trees to humankind\",\"potentialAction\":[{\"@type\":\"SearchAction\",\"target\":{\"@type\":\"EntryPoint\",\"urlTemplate\":\"https:\/\/www.les-bois.fr\/?s={search_term_string}\"},\"query-input\":\"required name=search_term_string\"}],\"inLanguage\":\"fr-FR\"}]}<\/script>\n<!-- \/ Yoast SEO plugin. -->","yoast_head_json":{"title":"LES CHEVEUX \u2013 Shampoing Solide Naturel Fortifiant \u2013 Les Bois","description":"D\u00e9couvrez notre Shampoing solide redensifiant \u00e0 la Spiruline et au Bouleau pour hommes & femmes - Parfum signature cr\u00e9\u00e9 \u00e0 Grasse - Z\u00e9ro d\u00e9chet, local & fabriqu\u00e9 en France - Livraison rapide","robots":{"index":"index","follow":"follow","max-snippet":"max-snippet:-1","max-image-preview":"max-image-preview:large","max-video-preview":"max-video-preview:-1"},"canonical":"https:\/\/www.les-bois.fr\/fr\/produit\/les-cheveux\/","og_locale":"fr_FR","og_type":"article","og_title":"LES CHEVEUX \u2013 Shampoing Solide Naturel Fortifiant \u2013 Les Bois","og_description":"D\u00e9couvrez notre Shampoing solide redensifiant \u00e0 la Spiruline et au Bouleau pour hommes & femmes - Parfum signature cr\u00e9\u00e9 \u00e0 Grasse - Z\u00e9ro d\u00e9chet, local & fabriqu\u00e9 en France - Livraison rapide","og_url":"https:\/\/www.les-bois.fr\/fr\/produit\/les-cheveux\/","og_site_name":"Les bois","article_modified_time":"2025-10-28T09:22:46+00:00","og_image":[{"width":1012,"height":1024,"url":"https:\/\/www.les-bois.fr\/wp-content\/uploads\/2022\/03\/2201-Les-Bois-02-Duo-0069-1-1012x1024.png","type":"image\/png"}],"twitter_card":"summary_large_image","twitter_misc":{"Dur\u00e9e de lecture estim\u00e9e":"1 minute"},"schema":{"@context":"https:\/\/schema.org","@graph":[{"@type":"WebPage","@id":"https:\/\/www.les-bois.fr\/fr\/produit\/les-cheveux\/","url":"https:\/\/www.les-bois.fr\/fr\/produit\/les-cheveux\/","name":"LES CHEVEUX \u2013 Shampoing Solide Naturel Fortifiant \u2013 Les Bois","isPartOf":{"@id":"https:\/\/www.les-bois.fr\/#website"},"datePublished":"2022-03-07T11:10:36+00:00","dateModified":"2025-10-28T09:22:46+00:00","description":"D\u00e9couvrez notre Shampoing solide redensifiant \u00e0 la Spiruline et au Bouleau pour hommes & femmes - Parfum signature cr\u00e9\u00e9 \u00e0 Grasse - Z\u00e9ro d\u00e9chet, local & fabriqu\u00e9 en France - Livraison rapide","breadcrumb":{"@id":"https:\/\/www.les-bois.fr\/fr\/produit\/les-cheveux\/#breadcrumb"},"inLanguage":"fr-FR","potentialAction":[{"@type":"ReadAction","target":["https:\/\/www.les-bois.fr\/fr\/produit\/les-cheveux\/"]}]},{"@type":"BreadcrumbList","@id":"https:\/\/www.les-bois.fr\/fr\/produit\/les-cheveux\/#breadcrumb","itemListElement":[{"@type":"ListItem","position":1,"name":"Home","item":"https:\/\/www.les-bois.fr\/fr\/"},{"@type":"ListItem","position":2,"name":"Boutique","item":"https:\/\/www.les-bois.fr\/fr\/boutique-2\/"},{"@type":"ListItem","position":3,"name":"LES CHEVEUX &#8211; shampoing solide"}]},{"@type":"WebSite","@id":"https:\/\/www.les-bois.fr\/#website","url":"https:\/\/www.les-bois.fr\/","name":"Les bois","description":"Conscious skincare \/ From trees to humankind","potentialAction":[{"@type":"SearchAction","target":{"@type":"EntryPoint","urlTemplate":"https:\/\/www.les-bois.fr\/?s={search_term_string}"},"query-input":"required name=search_term_string"}],"inLanguage":"fr-FR"}]}},"_links":{"self":[{"href":"https:\/\/www.les-bois.fr\/fr\/wp-json\/wp\/v2\/product\/3760","targetHints":{"allow":["GET"]}}],"collection":[{"href":"https:\/\/www.les-bois.fr\/fr\/wp-json\/wp\/v2\/product"}],"about":[{"href":"https:\/\/www.les-bois.fr\/fr\/wp-json\/wp\/v2\/types\/product"}],"author":[{"embeddable":true,"href":"https:\/\/www.les-bois.fr\/fr\/wp-json\/wp\/v2\/users\/2"}],"replies":[{"embeddable":true,"href":"https:\/\/www.les-bois.fr\/fr\/wp-json\/wp\/v2\/comments?post=3760"}],"wp:featuredmedia":[{"embeddable":true,"href":"https:\/\/www.les-bois.fr\/fr\/wp-json\/wp\/v2\/media\/6910"}],"wp:attachment":[{"href":"https:\/\/www.les-bois.fr\/fr\/wp-json\/wp\/v2\/media?parent=3760"}],"wp:term":[{"taxonomy":"product_cat","embeddable":true,"href":"https:\/\/www.les-bois.fr\/fr\/wp-json\/wp\/v2\/product_cat?post=3760"},{"taxonomy":"product_tag","embeddable":true,"href":"https:\/\/www.les-bois.fr\/fr\/wp-json\/wp\/v2\/product_tag?post=3760"}],"curies":[{"name":"wp","href":"https:\/\/api.w.org\/{rel}","templated":true}]}}