{"id":3266,"date":"2021-10-18T17:55:01","date_gmt":"2021-10-18T15:55:01","guid":{"rendered":"https:\/\/www.les-bois.fr\/?post_type=product&#038;p=3266"},"modified":"2026-05-02T18:20:31","modified_gmt":"2026-05-02T16:20:31","slug":"lexpression-serumdetemps","status":"publish","type":"product","link":"https:\/\/www.les-bois.fr\/fr\/produit\/lexpression-serumdetemps\/","title":{"rendered":"L&#8217;EXPRESSION &#8211; Solution anti-\u00e2ge 360\u00b0"},"content":{"rendered":"<section class=\"wpb-content-wrapper\"><p>[vc_row full_width=&#8221;stretch_row_content_no_spaces&#8221; parallax=&#8221;content-moving&#8221; parallax_image=&#8221;2877&#8243;][vc_column][\/vc_column][\/vc_row]<\/p>\n<\/section>","protected":false},"excerpt":{"rendered":"<p>Soin Visage Global ultra-concentr\u00e9 riche en peptides, acide hyaluronique et collag\u00e8ne. Am\u00e9liore visiblement la qualit\u00e9 de la peau.<\/p>\n","protected":false},"author":2,"featured_media":6976,"comment_status":"open","ping_status":"closed","template":"","meta":{"inline_featured_image":false},"product_cat":[31,15],"product_tag":[97],"class_list":["post-3266","product","type-product","status-publish","has-post-thumbnail","hentry","product_cat-serums","product_cat-uncategorized","product_tag-toasty","layout-style-1","col-md-4 col-sm-4 col-xs-6","product-has-gallery","product-style-default"],"acf":[],"yoast_head":"<!-- This site is optimized with the Yoast SEO plugin v19.13 - https:\/\/yoast.com\/wordpress\/plugins\/seo\/ -->\n<title>L&#039;EXPRESSION - Soin anti-\u00e2ge et anti-rides naturel - Les Bois<\/title>\n<meta name=\"description\" content=\"Soin anti-\u00e2ge et anti-rides naturel pour hommes et femmes, respectueux de l&#039;environnement. 100% fabriqu\u00e9 en France. Livraison sous 48h dans toute la France.\" \/>\n<meta name=\"robots\" content=\"index, follow, max-snippet:-1, max-image-preview:large, max-video-preview:-1\" \/>\n<link rel=\"canonical\" href=\"https:\/\/www.les-bois.fr\/fr\/produit\/lexpression-serumdetemps\/\" \/>\n<meta property=\"og:locale\" content=\"fr_FR\" \/>\n<meta property=\"og:type\" content=\"article\" \/>\n<meta property=\"og:title\" content=\"L&#039;EXPRESSION - Soin anti-\u00e2ge et anti-rides naturel - Les Bois\" \/>\n<meta property=\"og:description\" content=\"Soin anti-\u00e2ge et anti-rides naturel pour hommes et femmes, respectueux de l&#039;environnement. 100% fabriqu\u00e9 en France. Livraison sous 48h dans toute la France.\" \/>\n<meta property=\"og:url\" content=\"https:\/\/www.les-bois.fr\/fr\/produit\/lexpression-serumdetemps\/\" \/>\n<meta property=\"og:site_name\" content=\"Les bois\" \/>\n<meta property=\"article:modified_time\" content=\"2026-05-02T16:20:31+00:00\" \/>\n<meta property=\"og:image\" content=\"https:\/\/www.les-bois.fr\/wp-content\/uploads\/2021\/10\/2201-Les-Bois-02-Duo-0079-1-2-461x1024.png\" \/>\n\t<meta property=\"og:image:width\" content=\"461\" \/>\n\t<meta property=\"og:image:height\" content=\"1024\" \/>\n\t<meta property=\"og:image:type\" content=\"image\/png\" \/>\n<meta name=\"twitter:card\" content=\"summary_large_image\" \/>\n<meta name=\"twitter:label1\" content=\"Dur\u00e9e de lecture estim\u00e9e\" \/>\n\t<meta name=\"twitter:data1\" content=\"1 minute\" \/>\n<script type=\"application\/ld+json\" class=\"yoast-schema-graph\">{\"@context\":\"https:\/\/schema.org\",\"@graph\":[{\"@type\":\"WebPage\",\"@id\":\"https:\/\/www.les-bois.fr\/fr\/produit\/lexpression-serumdetemps\/\",\"url\":\"https:\/\/www.les-bois.fr\/fr\/produit\/lexpression-serumdetemps\/\",\"name\":\"L'EXPRESSION - Soin anti-\u00e2ge et anti-rides naturel - Les Bois\",\"isPartOf\":{\"@id\":\"https:\/\/www.les-bois.fr\/#website\"},\"datePublished\":\"2021-10-18T15:55:01+00:00\",\"dateModified\":\"2026-05-02T16:20:31+00:00\",\"description\":\"Soin anti-\u00e2ge et anti-rides naturel pour hommes et femmes, respectueux de l'environnement. 100% fabriqu\u00e9 en France. Livraison sous 48h dans toute la France.\",\"breadcrumb\":{\"@id\":\"https:\/\/www.les-bois.fr\/fr\/produit\/lexpression-serumdetemps\/#breadcrumb\"},\"inLanguage\":\"fr-FR\",\"potentialAction\":[{\"@type\":\"ReadAction\",\"target\":[\"https:\/\/www.les-bois.fr\/fr\/produit\/lexpression-serumdetemps\/\"]}]},{\"@type\":\"BreadcrumbList\",\"@id\":\"https:\/\/www.les-bois.fr\/fr\/produit\/lexpression-serumdetemps\/#breadcrumb\",\"itemListElement\":[{\"@type\":\"ListItem\",\"position\":1,\"name\":\"Home\",\"item\":\"https:\/\/www.les-bois.fr\/fr\/\"},{\"@type\":\"ListItem\",\"position\":2,\"name\":\"Boutique\",\"item\":\"https:\/\/www.les-bois.fr\/fr\/boutique-2\/\"},{\"@type\":\"ListItem\",\"position\":3,\"name\":\"L&#8217;EXPRESSION &#8211; Solution anti-\u00e2ge 360\u00b0\"}]},{\"@type\":\"WebSite\",\"@id\":\"https:\/\/www.les-bois.fr\/#website\",\"url\":\"https:\/\/www.les-bois.fr\/\",\"name\":\"Les bois\",\"description\":\"Conscious skincare \/ From trees to humankind\",\"potentialAction\":[{\"@type\":\"SearchAction\",\"target\":{\"@type\":\"EntryPoint\",\"urlTemplate\":\"https:\/\/www.les-bois.fr\/?s={search_term_string}\"},\"query-input\":\"required name=search_term_string\"}],\"inLanguage\":\"fr-FR\"}]}<\/script>\n<!-- \/ Yoast SEO plugin. -->","yoast_head_json":{"title":"L'EXPRESSION - Soin anti-\u00e2ge et anti-rides naturel - Les Bois","description":"Soin anti-\u00e2ge et anti-rides naturel pour hommes et femmes, respectueux de l'environnement. 100% fabriqu\u00e9 en France. Livraison sous 48h dans toute la France.","robots":{"index":"index","follow":"follow","max-snippet":"max-snippet:-1","max-image-preview":"max-image-preview:large","max-video-preview":"max-video-preview:-1"},"canonical":"https:\/\/www.les-bois.fr\/fr\/produit\/lexpression-serumdetemps\/","og_locale":"fr_FR","og_type":"article","og_title":"L'EXPRESSION - Soin anti-\u00e2ge et anti-rides naturel - Les Bois","og_description":"Soin anti-\u00e2ge et anti-rides naturel pour hommes et femmes, respectueux de l'environnement. 100% fabriqu\u00e9 en France. Livraison sous 48h dans toute la France.","og_url":"https:\/\/www.les-bois.fr\/fr\/produit\/lexpression-serumdetemps\/","og_site_name":"Les bois","article_modified_time":"2026-05-02T16:20:31+00:00","og_image":[{"width":461,"height":1024,"url":"https:\/\/www.les-bois.fr\/wp-content\/uploads\/2021\/10\/2201-Les-Bois-02-Duo-0079-1-2-461x1024.png","type":"image\/png"}],"twitter_card":"summary_large_image","twitter_misc":{"Dur\u00e9e de lecture estim\u00e9e":"1 minute"},"schema":{"@context":"https:\/\/schema.org","@graph":[{"@type":"WebPage","@id":"https:\/\/www.les-bois.fr\/fr\/produit\/lexpression-serumdetemps\/","url":"https:\/\/www.les-bois.fr\/fr\/produit\/lexpression-serumdetemps\/","name":"L'EXPRESSION - Soin anti-\u00e2ge et anti-rides naturel - Les Bois","isPartOf":{"@id":"https:\/\/www.les-bois.fr\/#website"},"datePublished":"2021-10-18T15:55:01+00:00","dateModified":"2026-05-02T16:20:31+00:00","description":"Soin anti-\u00e2ge et anti-rides naturel pour hommes et femmes, respectueux de l'environnement. 100% fabriqu\u00e9 en France. Livraison sous 48h dans toute la France.","breadcrumb":{"@id":"https:\/\/www.les-bois.fr\/fr\/produit\/lexpression-serumdetemps\/#breadcrumb"},"inLanguage":"fr-FR","potentialAction":[{"@type":"ReadAction","target":["https:\/\/www.les-bois.fr\/fr\/produit\/lexpression-serumdetemps\/"]}]},{"@type":"BreadcrumbList","@id":"https:\/\/www.les-bois.fr\/fr\/produit\/lexpression-serumdetemps\/#breadcrumb","itemListElement":[{"@type":"ListItem","position":1,"name":"Home","item":"https:\/\/www.les-bois.fr\/fr\/"},{"@type":"ListItem","position":2,"name":"Boutique","item":"https:\/\/www.les-bois.fr\/fr\/boutique-2\/"},{"@type":"ListItem","position":3,"name":"L&#8217;EXPRESSION &#8211; Solution anti-\u00e2ge 360\u00b0"}]},{"@type":"WebSite","@id":"https:\/\/www.les-bois.fr\/#website","url":"https:\/\/www.les-bois.fr\/","name":"Les bois","description":"Conscious skincare \/ From trees to humankind","potentialAction":[{"@type":"SearchAction","target":{"@type":"EntryPoint","urlTemplate":"https:\/\/www.les-bois.fr\/?s={search_term_string}"},"query-input":"required name=search_term_string"}],"inLanguage":"fr-FR"}]}},"_links":{"self":[{"href":"https:\/\/www.les-bois.fr\/fr\/wp-json\/wp\/v2\/product\/3266","targetHints":{"allow":["GET"]}}],"collection":[{"href":"https:\/\/www.les-bois.fr\/fr\/wp-json\/wp\/v2\/product"}],"about":[{"href":"https:\/\/www.les-bois.fr\/fr\/wp-json\/wp\/v2\/types\/product"}],"author":[{"embeddable":true,"href":"https:\/\/www.les-bois.fr\/fr\/wp-json\/wp\/v2\/users\/2"}],"replies":[{"embeddable":true,"href":"https:\/\/www.les-bois.fr\/fr\/wp-json\/wp\/v2\/comments?post=3266"}],"wp:featuredmedia":[{"embeddable":true,"href":"https:\/\/www.les-bois.fr\/fr\/wp-json\/wp\/v2\/media\/6976"}],"wp:attachment":[{"href":"https:\/\/www.les-bois.fr\/fr\/wp-json\/wp\/v2\/media?parent=3266"}],"wp:term":[{"taxonomy":"product_cat","embeddable":true,"href":"https:\/\/www.les-bois.fr\/fr\/wp-json\/wp\/v2\/product_cat?post=3266"},{"taxonomy":"product_tag","embeddable":true,"href":"https:\/\/www.les-bois.fr\/fr\/wp-json\/wp\/v2\/product_tag?post=3266"}],"curies":[{"name":"wp","href":"https:\/\/api.w.org\/{rel}","templated":true}]}}