{"id":6,"date":"2021-04-30T12:38:35","date_gmt":"2021-04-30T10:38:35","guid":{"rendered":"https:\/\/www.les-bois.fr\/shop\/"},"modified":"2022-04-02T22:37:17","modified_gmt":"2022-04-02T20:37:17","slug":"boutique","status":"publish","type":"page","link":"https:\/\/www.les-bois.fr\/fr\/boutique\/","title":{"rendered":"Boutique"},"content":{"rendered":"<section class=\"wpb-content-wrapper\"><p>[vc_row][vc_column]<div class=\"woocommerce columns-4 \"><ul class=\"products columns-4\">\n<li class=\"item_product col-md-4 item_product_archive\">\n\t<div class=\"product-header\"><a href=\"https:\/\/www.les-bois.fr\/fr\/produit\/lexpression-serumdetemps\/\" class=\"woocommerce-LoopProduct-link woocommerce-loop-product__link\"><a href=\"https:\/\/www.les-bois.fr\/fr\/produit\/lexpression-serumdetemps\/\" class=\"item_product container-item\"><div class=\"container-header-item\" ><div class=\"container-background-img-item\"><div class=\"background-img-item\" style=\"background-image: url();\"><\/div><\/div><div class=\"container-img-product-item\" style=\"background-image: url(https:\/\/www.les-bois.fr\/wp-content\/uploads\/2021\/10\/2201-Les-Bois-02-Duo-0079-1-2.png);\"><\/div><div class=\"sticker\" style=\"background-color:#00423a\"><span class=\"bodoni\">98,8<span>%<\/span><\/span>Naturel<\/div><\/div><div class=\"container-content-item\" ><div class=\"title-item jaapokki\" >L&#8217;EXPRESSION &#8211; Solution anti-\u00e2ge 360\u00b0<\/div><div class=\"ingredient-item athelas\" >Pin des Landes & Edelweiss<\/div><div class=\"type-item athelas\" >ANTI-RIDES . FERMET\u00c9 . \u00c9LASTICIT\u00c9 . HYDRATATION<\/div><\/div><style>\r\n                        .button-product-item-3266:hover\r\n                        { background-color:#00423a}\r\n                        <\/style><div class=\"container-footer-item\"><div class=\"button-product-item button-product-item-3266\" style=\"color:#00423a; border-color:#00423a;\">Voir le produit<\/div><\/div><\/a><\/li>\n<li class=\"item_product col-md-4 item_product_archive\">\n\t<div class=\"product-header\"><a href=\"https:\/\/www.les-bois.fr\/fr\/produit\/le-regard\/\" class=\"woocommerce-LoopProduct-link woocommerce-loop-product__link\"><a href=\"https:\/\/www.les-bois.fr\/fr\/produit\/le-regard\/\" class=\"item_product container-item\"><div class=\"container-header-item\" ><div class=\"container-background-img-item\"><div class=\"background-img-item\" style=\"background-image: url();\"><\/div><\/div><div class=\"container-img-product-item\" style=\"background-image: url(https:\/\/www.les-bois.fr\/wp-content\/uploads\/2024\/02\/Le-Regard.png);\"><\/div><div class=\"sticker\" style=\"background-color:#00423a\"><span class=\"bodoni\">99<span>%<\/span><\/span>Naturel<\/div><\/div><div class=\"container-content-item\" ><div class=\"title-item jaapokki\" >LE REGARD &#8211; soin prodige contour des yeux<\/div><div class=\"ingredient-item athelas\" >C\u00e8dre & Safran<\/div><div class=\"type-item athelas\" > ANTI-\u00c2GE . ANTI-POCHES . ANTI-CERNES<\/div><\/div><style>\r\n                        .button-product-item-8303:hover\r\n                        { background-color:#00423a}\r\n                        <\/style><div class=\"container-footer-item\"><div class=\"button-product-item button-product-item-8303\" style=\"color:#00423a; border-color:#00423a;\">Voir le produit<\/div><\/div><\/a><\/li>\n<li class=\"item_product col-md-4 item_product_archive\">\n\t<div class=\"product-header\"><a href=\"https:\/\/www.les-bois.fr\/fr\/produit\/le-soin-du-voyageur\/\" class=\"woocommerce-LoopProduct-link woocommerce-loop-product__link\"><a href=\"https:\/\/www.les-bois.fr\/fr\/produit\/le-soin-du-voyageur\/\" class=\"item_product container-item\"><div class=\"container-header-item\" ><div class=\"container-background-img-item\"><div class=\"background-img-item\" style=\"background-image: url(https:\/\/www.les-bois.fr\/wp-content\/uploads\/2021\/10\/soin-du-voyageur.png);\"><\/div><\/div><div class=\"container-img-product-item\" style=\"background-image: url(https:\/\/www.les-bois.fr\/wp-content\/uploads\/2021\/10\/2201-Les-Bois-02-Duo-0077-1-1.png);\"><\/div><div class=\"sticker\" style=\"background-color:#9d5743\"><span class=\"bodoni\"><span>99,5%<\/span><\/span>Naturel<\/div><\/div><div class=\"container-content-item\" ><div class=\"title-item jaapokki\" >LE SOIN DU VOYAGEUR &#8211; s\u00e9rum visage miraculeux<\/div><div class=\"ingredient-item athelas\" >Saule Blanc & Ortie <\/div><div class=\"type-item athelas\" >HYDRATATION - \u00c9CLAT - \u00c9QUILIBRE - MATIFIE<\/div><\/div><style>\r\n                        .button-product-item-3628:hover\r\n                        { background-color:#9d5743}\r\n                        <\/style><div class=\"container-footer-item\"><div class=\"button-product-item button-product-item-3628\" style=\"color:#9d5743; border-color:#9d5743;\">Voir le produit<\/div><\/div><\/a><\/li>\n<li class=\"item_product col-md-4 item_product_archive\">\n\t<div class=\"product-header\"><a href=\"https:\/\/www.les-bois.fr\/fr\/produit\/lefficience\/\" class=\"woocommerce-LoopProduct-link woocommerce-loop-product__link\"><a href=\"https:\/\/www.les-bois.fr\/fr\/produit\/lefficience\/\" class=\"item_product container-item\"><div class=\"container-header-item\" ><div class=\"container-background-img-item\"><div class=\"background-img-item\" style=\"background-image: url(https:\/\/www.les-bois.fr\/wp-content\/uploads\/2022\/03\/efficience-1.png);\"><\/div><\/div><div class=\"container-img-product-item\" style=\"background-image: url(https:\/\/www.les-bois.fr\/wp-content\/uploads\/2022\/03\/2201-Les-Bois-02-Duo-0084-2.png);\"><\/div><div class=\"sticker\" style=\"background-color:#00423a\"><span class=\"bodoni\">96<span>%<\/span><\/span>Naturel<\/div><\/div><div class=\"container-content-item\" ><div class=\"title-item jaapokki\" >L&#8217;EFFICIENCE &#8211; compl\u00e9ment alimentaire<\/div><div class=\"ingredient-item athelas\" >Saule Blanc & Vigne Rouge <\/div><div class=\"type-item athelas\" >MEMOIRE . FOCUS . RELAXATION . ENERGIE<\/div><\/div><style>\r\n                        .button-product-item-3686:hover\r\n                        { background-color:#00423a}\r\n                        <\/style><div class=\"container-footer-item\"><div class=\"button-product-item button-product-item-3686\" style=\"color:#00423a; border-color:#00423a;\">Voir le produit<\/div><\/div><\/a><\/li>\n<li class=\"item_product col-md-4 item_product_archive\">\n\t<div class=\"product-header\"><a href=\"https:\/\/www.les-bois.fr\/fr\/produit\/la-criniere\/\" class=\"woocommerce-LoopProduct-link woocommerce-loop-product__link\"><a href=\"https:\/\/www.les-bois.fr\/fr\/produit\/la-criniere\/\" class=\"item_product container-item\"><div class=\"container-header-item\" ><div class=\"container-background-img-item\"><div class=\"background-img-item\" style=\"background-image: url(https:\/\/www.les-bois.fr\/wp-content\/uploads\/2022\/03\/crinie\u0300re.png);\"><\/div><\/div><div class=\"container-img-product-item\" style=\"background-image: url(https:\/\/www.les-bois.fr\/wp-content\/uploads\/2022\/03\/2201-Les-Bois-02-Duo-0091-1.png);\"><\/div><div class=\"sticker\" style=\"background-color:#00423a\"><span class=\"bodoni\">99,8<span>%<\/span><\/span>Naturel<\/div><\/div><div class=\"container-content-item\" ><div class=\"title-item jaapokki\" >LA CRINI\u00c8RE &#8211; compl\u00e9ment alimentaire<\/div><div class=\"ingredient-item athelas\" >Marronnier d'Inde & K\u00e9ratine Noire <\/div><div class=\"type-item athelas\" >ANTI-CHUTE . ACTIVATEUR DE POUSSE . TEINT HAL\u00c9<\/div><\/div><style>\r\n                        .button-product-item-3696:hover\r\n                        { background-color:#00423a}\r\n                        <\/style><div class=\"container-footer-item\"><div class=\"button-product-item button-product-item-3696\" style=\"color:#00423a; border-color:#00423a;\">Voir le produit<\/div><\/div><\/a><\/li>\n<li class=\"item_product col-md-4 item_product_archive\">\n\t<div class=\"product-header\"><a href=\"https:\/\/www.les-bois.fr\/fr\/produit\/la-cure-du-voyageur\/\" class=\"woocommerce-LoopProduct-link woocommerce-loop-product__link\"><a href=\"https:\/\/www.les-bois.fr\/fr\/produit\/la-cure-du-voyageur\/\" class=\"item_product container-item\"><div class=\"container-header-item\" ><div class=\"container-background-img-item\"><div class=\"background-img-item\" style=\"background-image: url(https:\/\/www.les-bois.fr\/wp-content\/uploads\/2022\/03\/cure-du-voyageur_.png);\"><\/div><\/div><div class=\"container-img-product-item\" style=\"background-image: url(https:\/\/www.les-bois.fr\/wp-content\/uploads\/2022\/03\/2201-Les-Bois-02-Duo-0089-1-1.png);\"><\/div><div class=\"sticker\" style=\"background-color:#9d5743\"><span class=\"bodoni\">98,3<span>%<\/span><\/span>Naturel<\/div><\/div><div class=\"container-content-item\" ><div class=\"title-item jaapokki\" >LA CURE DU VOYAGEUR &#8211; compl\u00e9ment alimentaire<\/div><div class=\"ingredient-item athelas\" >Aub\u00e9pine & Pavot de Californie <\/div><div class=\"type-item athelas\" >\u00c9QUILIBRE . FORCE . SOMMEIL<\/div><\/div><style>\r\n                        .button-product-item-3703:hover\r\n                        { background-color:#9d5743}\r\n                        <\/style><div class=\"container-footer-item\"><div class=\"button-product-item button-product-item-3703\" style=\"color:#9d5743; border-color:#9d5743;\">Voir le produit<\/div><\/div><\/a><\/li>\n<li class=\"item_product col-md-4 item_product_archive\">\n\t<div class=\"product-header\"><a href=\"https:\/\/www.les-bois.fr\/fr\/produit\/les-cheveux\/\" class=\"woocommerce-LoopProduct-link woocommerce-loop-product__link\"><a href=\"https:\/\/www.les-bois.fr\/fr\/produit\/les-cheveux\/\" class=\"item_product container-item\"><div class=\"container-header-item\" ><div class=\"container-background-img-item\"><div class=\"background-img-item\" style=\"background-image: url(https:\/\/www.les-bois.fr\/wp-content\/uploads\/2022\/03\/LES-CHEVEUX_.png);\"><\/div><\/div><div class=\"container-img-product-item\" style=\"background-image: url(https:\/\/www.les-bois.fr\/wp-content\/uploads\/2022\/03\/2201-Les-Bois-02-Duo-0069-1.png);\"><\/div><div class=\"sticker\" style=\"background-color:#00423a\"><span class=\"bodoni\">95<span>%<\/span><\/span>Naturel<\/div><\/div><div class=\"container-content-item\" ><div class=\"title-item jaapokki\" >LES CHEVEUX &#8211; shampoing solide<\/div><div class=\"ingredient-item athelas\" >Bouleau & Spiruline<\/div><div class=\"type-item athelas\" >FORTIFIANT . PURIFIANT . REMIN\u00c9RALISANT<\/div><\/div><style>\r\n                        .button-product-item-3760:hover\r\n                        { background-color:#00423a}\r\n                        <\/style><div class=\"container-footer-item\"><div class=\"button-product-item button-product-item-3760\" style=\"color:#00423a; border-color:#00423a;\">Voir le produit<\/div><\/div><\/a><\/li>\n<li class=\"item_product col-md-4 item_product_archive\">\n\t<div class=\"product-header\"><a href=\"https:\/\/www.les-bois.fr\/fr\/produit\/le-pain-du-voyageur\/\" class=\"woocommerce-LoopProduct-link woocommerce-loop-product__link\"><a href=\"https:\/\/www.les-bois.fr\/fr\/produit\/le-pain-du-voyageur\/\" class=\"item_product container-item\"><div class=\"container-header-item\" ><div class=\"container-background-img-item\"><div class=\"background-img-item\" style=\"background-image: url(https:\/\/www.les-bois.fr\/wp-content\/uploads\/2022\/03\/PAIN-DU-VOYAGEUR_.png);\"><\/div><\/div><div class=\"container-img-product-item\" style=\"background-image: url(https:\/\/www.les-bois.fr\/wp-content\/uploads\/2022\/03\/2201-Les-Bois-02-Duo-0079-2.png);\"><\/div><div class=\"sticker\" style=\"background-color:#9d5743\"><span class=\"bodoni\">94<span>%<\/span><\/span>Naturel<\/div><\/div><div class=\"container-content-item\" ><div class=\"title-item jaapokki\" >LE PAIN DU VOYAGEUR &#8211; soin lavant corps &#038; cheveux<\/div><div class=\"ingredient-item athelas\" >Ch\u00eane & Lierre<\/div><div class=\"type-item athelas\" >PURIFIANT . APAISANT . NOURRISSANT<\/div><\/div><style>\r\n                        .button-product-item-3802:hover\r\n                        { background-color:#9d5743}\r\n                        <\/style><div class=\"container-footer-item\"><div class=\"button-product-item button-product-item-3802\" style=\"color:#9d5743; border-color:#9d5743;\">Voir le produit<\/div><\/div><\/a><\/li>\n<li class=\"item_product col-md-4 item_product_archive\">\n\t<div class=\"product-header\"><a href=\"https:\/\/www.les-bois.fr\/fr\/produit\/le-visage\/\" class=\"woocommerce-LoopProduct-link woocommerce-loop-product__link\"><a href=\"https:\/\/www.les-bois.fr\/fr\/produit\/le-visage\/\" class=\"item_product container-item\"><div class=\"container-header-item\" ><div class=\"container-background-img-item\"><div class=\"background-img-item\" style=\"background-image: url(https:\/\/www.les-bois.fr\/wp-content\/uploads\/2022\/03\/VISAGE_.png);\"><\/div><\/div><div class=\"container-img-product-item\" style=\"background-image: url(https:\/\/www.les-bois.fr\/wp-content\/uploads\/2022\/03\/2201-Les-Bois-02-Duo-0075.png);\"><\/div><div class=\"sticker\" style=\"background-color:#00423a\"><span class=\"bodoni\">95<span>%<\/span><\/span>Naturel<\/div><\/div><div class=\"container-content-item\" ><div class=\"title-item jaapokki\" >LE VISAGE &#8211; soin lavant quotidien<\/div><div class=\"ingredient-item athelas\" >Laurier & Riz de Camargue <\/div><div class=\"type-item athelas\" >PURIFIANT . EXFOLIANT DOUX . R\u00c9GULE LE S\u00c9BUM<\/div><\/div><style>\r\n                        .button-product-item-3819:hover\r\n                        { background-color:#00423a}\r\n                        <\/style><div class=\"container-footer-item\"><div class=\"button-product-item button-product-item-3819\" style=\"color:#00423a; border-color:#00423a;\">Voir le produit<\/div><\/div><\/a><\/li>\n<li class=\"item_product col-md-4 item_product_archive\">\n\t<div class=\"product-header\"><a href=\"https:\/\/www.les-bois.fr\/fr\/produit\/l-etui\/\" class=\"woocommerce-LoopProduct-link woocommerce-loop-product__link\"><a href=\"https:\/\/www.les-bois.fr\/fr\/produit\/l-etui\/\" class=\"item_product container-item\"><div class=\"container-header-item\" ><div class=\"container-background-img-item\"><div class=\"background-img-item\" style=\"background-image: url(https:\/\/www.les-bois.fr\/wp-content\/uploads\/2022\/07\/E\u0301TUI-min.png);\"><\/div><\/div><div class=\"container-img-product-item\" style=\"background-image: url(https:\/\/www.les-bois.fr\/wp-content\/uploads\/2022\/07\/E\u0301TUI-min.png);\"><\/div><div class=\"sticker\" style=\"background-color:#9d5743\"><\/div><\/div><div class=\"container-content-item\" ><div class=\"title-item jaapokki\" >L&#8217;\u00c9TUI &#8211; PORTE SAVON<\/div><div class=\"ingredient-item athelas\" >Ch\u00eane-Li\u00e8ge<\/div><div class=\"type-item athelas\" >NATURE . L\u00c9GER . IMPERM\u00c9ABLE<\/div><\/div><style>\r\n                        .button-product-item-7417:hover\r\n                        { background-color:#9d5743}\r\n                        <\/style><div class=\"container-footer-item\"><div class=\"button-product-item button-product-item-7417\" style=\"color:#9d5743; border-color:#9d5743;\">Voir le produit<\/div><\/div><\/a><\/li>\n<li class=\"item_product col-md-4 item_product_archive\">\n\t<div class=\"product-header\"><a href=\"https:\/\/www.les-bois.fr\/fr\/produit\/le-corps\/\" class=\"woocommerce-LoopProduct-link woocommerce-loop-product__link\"><a href=\"https:\/\/www.les-bois.fr\/fr\/produit\/le-corps\/\" class=\"item_product container-item\"><div class=\"container-header-item\" ><div class=\"container-background-img-item\"><div class=\"background-img-item\" style=\"background-image: url(https:\/\/www.les-bois.fr\/wp-content\/uploads\/2022\/03\/LE-CORPS_.png);\"><\/div><\/div><div class=\"container-img-product-item\" style=\"background-image: url(https:\/\/www.les-bois.fr\/wp-content\/uploads\/2022\/03\/2201-Les-Bois-02-Duo-0073-1.png);\"><\/div><div class=\"sticker\" style=\"background-color:#00423a\"><span class=\"bodoni\">95<span>%<\/span><\/span>Naturel<\/div><\/div><div class=\"container-content-item\" ><div class=\"title-item jaapokki\" >LE CORPS &#8211; soin lavant corps<\/div><div class=\"ingredient-item athelas\" >Bouleau & Lin <\/div><div class=\"type-item athelas\" >PURIFIANT . REMIN\u00c9RALISANT . HYDRATANT<\/div><\/div><style>\r\n                        .button-product-item-3713:hover\r\n                        { background-color:#00423a}\r\n                        <\/style><div class=\"container-footer-item\"><div class=\"button-product-item button-product-item-3713\" style=\"color:#00423a; border-color:#00423a;\">Voir le produit<\/div><\/div><\/a><\/li>\n<\/ul>\n<\/div>[\/vc_column][\/vc_row]<\/p>\n<\/section>","protected":false},"excerpt":{"rendered":"<p>[vc_row][vc_column][\/vc_column][\/vc_row]<\/p>\n","protected":false},"author":2,"featured_media":0,"parent":0,"menu_order":0,"comment_status":"closed","ping_status":"closed","template":"","meta":{"inline_featured_image":false,"footnotes":""},"class_list":["post-6","page","type-page","status-publish","hentry"],"acf":[],"yoast_head":"<!-- This site is optimized with the Yoast SEO plugin v19.13 - https:\/\/yoast.com\/wordpress\/plugins\/seo\/ -->\n<title>Boutique - Les bois<\/title>\n<meta name=\"robots\" content=\"index, follow, max-snippet:-1, max-image-preview:large, max-video-preview:-1\" \/>\n<link rel=\"canonical\" href=\"https:\/\/www.les-bois.fr\/fr\/boutique\/\" \/>\n<meta property=\"og:locale\" content=\"fr_FR\" \/>\n<meta property=\"og:type\" content=\"article\" \/>\n<meta property=\"og:title\" content=\"Boutique - Les bois\" \/>\n<meta property=\"og:description\" content=\"[vc_row][vc_column][\/vc_column][\/vc_row]\" \/>\n<meta property=\"og:url\" content=\"https:\/\/www.les-bois.fr\/fr\/boutique\/\" \/>\n<meta property=\"og:site_name\" content=\"Les bois\" \/>\n<meta property=\"article:modified_time\" content=\"2022-04-02T20:37:17+00:00\" \/>\n<meta name=\"twitter:card\" content=\"summary_large_image\" \/>\n<script type=\"application\/ld+json\" class=\"yoast-schema-graph\">{\"@context\":\"https:\/\/schema.org\",\"@graph\":[{\"@type\":\"WebPage\",\"@id\":\"https:\/\/www.les-bois.fr\/fr\/boutique\/\",\"url\":\"https:\/\/www.les-bois.fr\/fr\/boutique\/\",\"name\":\"Boutique - Les bois\",\"isPartOf\":{\"@id\":\"https:\/\/www.les-bois.fr\/#website\"},\"datePublished\":\"2021-04-30T10:38:35+00:00\",\"dateModified\":\"2022-04-02T20:37:17+00:00\",\"breadcrumb\":{\"@id\":\"https:\/\/www.les-bois.fr\/fr\/boutique\/#breadcrumb\"},\"inLanguage\":\"fr-FR\",\"potentialAction\":[{\"@type\":\"ReadAction\",\"target\":[\"https:\/\/www.les-bois.fr\/fr\/boutique\/\"]}]},{\"@type\":\"BreadcrumbList\",\"@id\":\"https:\/\/www.les-bois.fr\/fr\/boutique\/#breadcrumb\",\"itemListElement\":[{\"@type\":\"ListItem\",\"position\":1,\"name\":\"Home\",\"item\":\"https:\/\/www.les-bois.fr\/fr\/\"},{\"@type\":\"ListItem\",\"position\":2,\"name\":\"Boutique\"}]},{\"@type\":\"WebSite\",\"@id\":\"https:\/\/www.les-bois.fr\/#website\",\"url\":\"https:\/\/www.les-bois.fr\/\",\"name\":\"Les bois\",\"description\":\"Conscious skincare \/ From trees to humankind\",\"potentialAction\":[{\"@type\":\"SearchAction\",\"target\":{\"@type\":\"EntryPoint\",\"urlTemplate\":\"https:\/\/www.les-bois.fr\/?s={search_term_string}\"},\"query-input\":\"required name=search_term_string\"}],\"inLanguage\":\"fr-FR\"}]}<\/script>\n<!-- \/ Yoast SEO plugin. -->","yoast_head_json":{"title":"Boutique - Les bois","robots":{"index":"index","follow":"follow","max-snippet":"max-snippet:-1","max-image-preview":"max-image-preview:large","max-video-preview":"max-video-preview:-1"},"canonical":"https:\/\/www.les-bois.fr\/fr\/boutique\/","og_locale":"fr_FR","og_type":"article","og_title":"Boutique - Les bois","og_description":"[vc_row][vc_column][\/vc_column][\/vc_row]","og_url":"https:\/\/www.les-bois.fr\/fr\/boutique\/","og_site_name":"Les bois","article_modified_time":"2022-04-02T20:37:17+00:00","twitter_card":"summary_large_image","schema":{"@context":"https:\/\/schema.org","@graph":[{"@type":"WebPage","@id":"https:\/\/www.les-bois.fr\/fr\/boutique\/","url":"https:\/\/www.les-bois.fr\/fr\/boutique\/","name":"Boutique - Les bois","isPartOf":{"@id":"https:\/\/www.les-bois.fr\/#website"},"datePublished":"2021-04-30T10:38:35+00:00","dateModified":"2022-04-02T20:37:17+00:00","breadcrumb":{"@id":"https:\/\/www.les-bois.fr\/fr\/boutique\/#breadcrumb"},"inLanguage":"fr-FR","potentialAction":[{"@type":"ReadAction","target":["https:\/\/www.les-bois.fr\/fr\/boutique\/"]}]},{"@type":"BreadcrumbList","@id":"https:\/\/www.les-bois.fr\/fr\/boutique\/#breadcrumb","itemListElement":[{"@type":"ListItem","position":1,"name":"Home","item":"https:\/\/www.les-bois.fr\/fr\/"},{"@type":"ListItem","position":2,"name":"Boutique"}]},{"@type":"WebSite","@id":"https:\/\/www.les-bois.fr\/#website","url":"https:\/\/www.les-bois.fr\/","name":"Les bois","description":"Conscious skincare \/ From trees to humankind","potentialAction":[{"@type":"SearchAction","target":{"@type":"EntryPoint","urlTemplate":"https:\/\/www.les-bois.fr\/?s={search_term_string}"},"query-input":"required name=search_term_string"}],"inLanguage":"fr-FR"}]}},"_links":{"self":[{"href":"https:\/\/www.les-bois.fr\/fr\/wp-json\/wp\/v2\/pages\/6","targetHints":{"allow":["GET"]}}],"collection":[{"href":"https:\/\/www.les-bois.fr\/fr\/wp-json\/wp\/v2\/pages"}],"about":[{"href":"https:\/\/www.les-bois.fr\/fr\/wp-json\/wp\/v2\/types\/page"}],"author":[{"embeddable":true,"href":"https:\/\/www.les-bois.fr\/fr\/wp-json\/wp\/v2\/users\/2"}],"replies":[{"embeddable":true,"href":"https:\/\/www.les-bois.fr\/fr\/wp-json\/wp\/v2\/comments?post=6"}],"version-history":[{"count":4,"href":"https:\/\/www.les-bois.fr\/fr\/wp-json\/wp\/v2\/pages\/6\/revisions"}],"predecessor-version":[{"id":6367,"href":"https:\/\/www.les-bois.fr\/fr\/wp-json\/wp\/v2\/pages\/6\/revisions\/6367"}],"wp:attachment":[{"href":"https:\/\/www.les-bois.fr\/fr\/wp-json\/wp\/v2\/media?parent=6"}],"curies":[{"name":"wp","href":"https:\/\/api.w.org\/{rel}","templated":true}]}}